{"id":70,"date":"2024-05-17T10:57:20","date_gmt":"2024-05-17T10:57:20","guid":{"rendered":"http:\/\/xinterio-demo.pbminfotech.com\/demo1\/?page_id=4865"},"modified":"2026-02-10T11:34:53","modified_gmt":"2026-02-10T10:34:53","slug":"inmobiliaria","status":"publish","type":"page","link":"https:\/\/mghouses.es\/ru\/inmobiliaria\/","title":{"rendered":"\u041d\u0435\u0434\u0432\u0438\u0436\u0438\u043c\u043e\u0441\u0442\u044c"},"content":{"rendered":"<div data-elementor-type=\"wp-page\" data-elementor-id=\"70\" class=\"elementor elementor-70\" data-elementor-post-type=\"page\">\n\t\t\t\t<div class=\"elementor-element elementor-element-39d3b80 e-con-full e-flex e-con e-parent\" data-id=\"39d3b80\" data-element_type=\"container\" data-e-type=\"container\" data-settings=\"{&quot;background_background&quot;:&quot;classic&quot;}\">\n\t\t\t\t<div class=\"elementor-element elementor-element-9f9a029 elementor-widget elementor-widget-pbmit_heading\" data-id=\"9f9a029\" data-element_type=\"widget\" data-e-type=\"widget\" data-widget_type=\"pbmit_heading.default\">\n\t\t\t\t<div class=\"elementor-widget-container\">\n\t\t\t\t\t<div class=\"pbmit-heading-subheading pbmit-heading-subheading-style-1 animation-style2\"><h2 class=\"pbmit-element-title\">\r\n\t\t\t\t\r\n\t\t\t\t\t\u0421\u043e\u0432\u0441\u0435\u043c \u0441\u043a\u043e\u0440\u043e \u0437\u0434\u0435\u0441\u044c \u043f\u043e\u044f\u0432\u0438\u0442\u0441\u044f \u0432\u0430\u0448 \u043d\u043e\u0432\u044b\u0439 \u0434\u043e\u043c\r\n\t\t\t\t\r\n\t\t\t\t<\/h2>\r\n\t\t\t<div class=\"pbmit-heading-desc\"><p>\u041c\u044b \u0440\u0430\u0431\u043e\u0442\u0430\u0435\u043c \u043d\u0430\u0434 \u0442\u0435\u043c, \u0447\u0442\u043e\u0431\u044b \u043f\u0440\u0435\u0434\u043b\u043e\u0436\u0438\u0442\u044c \u0432\u0430\u043c \u0442\u0449\u0430\u0442\u0435\u043b\u044c\u043d\u043e \u043f\u043e\u0434\u043e\u0431\u0440\u0430\u043d\u043d\u044b\u0439 \u0432\u044b\u0431\u043e\u0440 \u043e\u0431\u044a\u0435\u043a\u0442\u043e\u0432 \u043d\u0435\u0434\u0432\u0438\u0436\u0438\u043c\u043e\u0441\u0442\u0438 \u043d\u0430 \u043f\u0440\u043e\u0434\u0430\u0436\u0443 \u0438 \u0432 \u0430\u0440\u0435\u043d\u0434\u0443 \u043d\u0430 \u041a\u043e\u0441\u0442\u0430-\u0411\u0440\u0430\u0432\u0435 \u0438 \u0432 \u043e\u043a\u0440\u0435\u0441\u0442\u043d\u043e\u0441\u0442\u044f\u0445. \u041d\u0430\u0448\u0430 \u043a\u043e\u043c\u0430\u043d\u0434\u0430 \u0430\u043a\u0442\u0438\u0432\u043d\u043e \u0437\u0430\u043d\u0438\u043c\u0430\u0435\u0442\u0441\u044f \u043f\u043e\u0438\u0441\u043a\u043e\u043c, \u0447\u0442\u043e\u0431\u044b \u0432\u0441\u043a\u043e\u0440\u0435 \u043f\u0440\u0435\u0434\u0441\u0442\u0430\u0432\u0438\u0442\u044c \u0432\u0430\u043c \u0434\u043e\u043c\u0430, \u043a\u043e\u0442\u043e\u0440\u044b\u0435 \u0441\u043e\u043e\u0442\u0432\u0435\u0442\u0441\u0442\u0432\u0443\u044e\u0442 \u0432\u0430\u0448\u0438\u043c \u0437\u0430\u043f\u0440\u043e\u0441\u0430\u043c.<\/p><\/div><\/div>\t\t\t\t<\/div>\n\t\t\t\t<\/div>\n\t\t\t\t<div class=\"elementor-element elementor-element-88b333e elementor-widget elementor-widget-text-editor\" data-id=\"88b333e\" data-element_type=\"widget\" data-e-type=\"widget\" data-widget_type=\"text-editor.default\">\n\t\t\t\t\t\t\t\t\t<p>\u0423\u0436\u0435 \u0438\u0449\u0435\u0442\u0435 \u043d\u0435\u0434\u0432\u0438\u0436\u0438\u043c\u043e\u0441\u0442\u044c? \u0421\u0432\u044f\u0436\u0438\u0442\u0435\u0441\u044c \u0441 \u043d\u0430\u043c\u0438 \u0438 \u0440\u0430\u0441\u0441\u043a\u0430\u0436\u0438\u0442\u0435, \u0447\u0442\u043e \u0432\u0430\u043c \u043d\u0443\u0436\u043d\u043e. \u041c\u044b \u043c\u043e\u0436\u0435\u043c \u043f\u043e\u043c\u043e\u0447\u044c \u0432\u0430\u043c \u0443\u0436\u0435 \u0441\u0435\u0433\u043e\u0434\u043d\u044f.<\/p>\t\t\t\t\t\t\t\t<\/div>\n\t\t\t\t<div class=\"elementor-element elementor-element-8969938 elementor-widget elementor-widget-eael-creative-button\" data-id=\"8969938\" data-element_type=\"widget\" data-e-type=\"widget\" data-widget_type=\"eael-creative-button.default\">\n\t\t\t\t\t        <div class=\"eael-creative-button-wrapper\">\n\n            <a class=\"eael-creative-button eael-creative-button--default eael-cb-icon-position-\" href=\"https:\/\/mghouses.es\/ru\/contactanos\/\" data-text=\"\">\n            \t    \n                <div class=\"creative-button-inner\">\n\n                    \n                    <span class=\"cretive-button-text\">\u0421\u0432\u044f\u0436\u0438\u0442\u0435\u0441\u044c \u0441 \u043d\u0430\u043c\u0438<\/span>\n\n                                    <\/div>\n\t                        <\/a>\n        <\/div>\n        \t\t\t\t<\/div>\n\t\t\t\t<\/div>\n\t\t\t\t<\/div>","protected":false},"excerpt":{"rendered":"<p>Muy pronto, tu nueva vivienda estar\u00e1 aqu\u00ed Estamos trabajando para ofrecerte una cuidada selecci\u00f3n de inmuebles en venta y alquiler en la Costa Brava y alrededores. Nuestro equipo est\u00e1 en pleno proceso de captaci\u00f3n para poder presentarte pronto viviendas que se adapten a lo que est\u00e1s buscando. \u00bfEst\u00e1s buscando una propiedad ya? Cont\u00e1ctanos y cu\u00e9ntanos [&hellip;]<\/p>\n","protected":false},"author":2,"featured_media":0,"parent":0,"menu_order":3,"comment_status":"closed","ping_status":"closed","template":"","meta":{"_acf_changed":false,"footnotes":""},"class_list":["post-70","page","type-page","status-publish","hentry"],"acf":[],"yoast_head":"<!-- This site is optimized with the Yoast SEO plugin v27.4 - https:\/\/yoast.com\/product\/yoast-seo-wordpress\/ -->\n<title>Inmobiliaria - MG Houses<\/title>\n<meta name=\"robots\" content=\"index, follow, max-snippet:-1, max-image-preview:large, max-video-preview:-1\" \/>\n<link rel=\"canonical\" href=\"https:\/\/mghouses.es\/ru\/inmobiliaria\/\" \/>\n<meta property=\"og:locale\" content=\"ru_RU\" \/>\n<meta property=\"og:type\" content=\"article\" \/>\n<meta property=\"og:title\" content=\"Inmobiliaria - MG Houses\" \/>\n<meta property=\"og:description\" content=\"Muy pronto, tu nueva vivienda estar\u00e1 aqu\u00ed Estamos trabajando para ofrecerte una cuidada selecci\u00f3n de inmuebles en venta y alquiler en la Costa Brava y alrededores. Nuestro equipo est\u00e1 en pleno proceso de captaci\u00f3n para poder presentarte pronto viviendas que se adapten a lo que est\u00e1s buscando. \u00bfEst\u00e1s buscando una propiedad ya? Cont\u00e1ctanos y cu\u00e9ntanos [&hellip;]\" \/>\n<meta property=\"og:url\" content=\"https:\/\/mghouses.es\/ru\/inmobiliaria\/\" \/>\n<meta property=\"og:site_name\" content=\"MG Houses\" \/>\n<meta property=\"article:modified_time\" content=\"2026-02-10T10:34:53+00:00\" \/>\n<meta name=\"twitter:card\" content=\"summary_large_image\" \/>\n<script type=\"application\/ld+json\" class=\"yoast-schema-graph\">{\"@context\":\"https:\\\/\\\/schema.org\",\"@graph\":[{\"@type\":\"WebPage\",\"@id\":\"https:\\\/\\\/mghouses.es\\\/inmobiliaria\\\/\",\"url\":\"https:\\\/\\\/mghouses.es\\\/inmobiliaria\\\/\",\"name\":\"Inmobiliaria - MG Houses\",\"isPartOf\":{\"@id\":\"https:\\\/\\\/mghouses.es\\\/#website\"},\"datePublished\":\"2024-05-17T10:57:20+00:00\",\"dateModified\":\"2026-02-10T10:34:53+00:00\",\"breadcrumb\":{\"@id\":\"https:\\\/\\\/mghouses.es\\\/inmobiliaria\\\/#breadcrumb\"},\"inLanguage\":\"ru-RU\",\"potentialAction\":[{\"@type\":\"ReadAction\",\"target\":[\"https:\\\/\\\/mghouses.es\\\/inmobiliaria\\\/\"]}]},{\"@type\":\"BreadcrumbList\",\"@id\":\"https:\\\/\\\/mghouses.es\\\/inmobiliaria\\\/#breadcrumb\",\"itemListElement\":[{\"@type\":\"ListItem\",\"position\":1,\"name\":\"Portada\",\"item\":\"https:\\\/\\\/mghouses.es\\\/\"},{\"@type\":\"ListItem\",\"position\":2,\"name\":\"Inmobiliaria\"}]},{\"@type\":\"WebSite\",\"@id\":\"https:\\\/\\\/mghouses.es\\\/#website\",\"url\":\"https:\\\/\\\/mghouses.es\\\/\",\"name\":\"MG Houses\",\"description\":\"Viviendas con prop\u00f3sito, dise\u00f1adas para ti\",\"publisher\":{\"@id\":\"https:\\\/\\\/mghouses.es\\\/#organization\"},\"potentialAction\":[{\"@type\":\"SearchAction\",\"target\":{\"@type\":\"EntryPoint\",\"urlTemplate\":\"https:\\\/\\\/mghouses.es\\\/?s={search_term_string}\"},\"query-input\":{\"@type\":\"PropertyValueSpecification\",\"valueRequired\":true,\"valueName\":\"search_term_string\"}}],\"inLanguage\":\"ru-RU\"},{\"@type\":\"Organization\",\"@id\":\"https:\\\/\\\/mghouses.es\\\/#organization\",\"name\":\"MG Houses\",\"url\":\"https:\\\/\\\/mghouses.es\\\/\",\"logo\":{\"@type\":\"ImageObject\",\"inLanguage\":\"ru-RU\",\"@id\":\"https:\\\/\\\/mghouses.es\\\/#\\\/schema\\\/logo\\\/image\\\/\",\"url\":\"https:\\\/\\\/mghouses.es\\\/wp-content\\\/uploads\\\/2025\\\/05\\\/cropped-A_logo_for_22MGHOUSES22_is_displayed_in_solid_black_.png\",\"contentUrl\":\"https:\\\/\\\/mghouses.es\\\/wp-content\\\/uploads\\\/2025\\\/05\\\/cropped-A_logo_for_22MGHOUSES22_is_displayed_in_solid_black_.png\",\"width\":512,\"height\":512,\"caption\":\"MG Houses\"},\"image\":{\"@id\":\"https:\\\/\\\/mghouses.es\\\/#\\\/schema\\\/logo\\\/image\\\/\"},\"sameAs\":[\"https:\\\/\\\/www.instagram.com\\\/mghouses.es\\\/\"]}]}<\/script>\n<!-- \/ Yoast SEO plugin. -->","yoast_head_json":{"title":"Inmobiliaria - MG Houses","robots":{"index":"index","follow":"follow","max-snippet":"max-snippet:-1","max-image-preview":"max-image-preview:large","max-video-preview":"max-video-preview:-1"},"canonical":"https:\/\/mghouses.es\/ru\/inmobiliaria\/","og_locale":"ru_RU","og_type":"article","og_title":"Inmobiliaria - MG Houses","og_description":"Muy pronto, tu nueva vivienda estar\u00e1 aqu\u00ed Estamos trabajando para ofrecerte una cuidada selecci\u00f3n de inmuebles en venta y alquiler en la Costa Brava y alrededores. Nuestro equipo est\u00e1 en pleno proceso de captaci\u00f3n para poder presentarte pronto viviendas que se adapten a lo que est\u00e1s buscando. \u00bfEst\u00e1s buscando una propiedad ya? Cont\u00e1ctanos y cu\u00e9ntanos [&hellip;]","og_url":"https:\/\/mghouses.es\/ru\/inmobiliaria\/","og_site_name":"MG Houses","article_modified_time":"2026-02-10T10:34:53+00:00","twitter_card":"summary_large_image","schema":{"@context":"https:\/\/schema.org","@graph":[{"@type":"WebPage","@id":"https:\/\/mghouses.es\/inmobiliaria\/","url":"https:\/\/mghouses.es\/inmobiliaria\/","name":"Inmobiliaria - MG Houses","isPartOf":{"@id":"https:\/\/mghouses.es\/#website"},"datePublished":"2024-05-17T10:57:20+00:00","dateModified":"2026-02-10T10:34:53+00:00","breadcrumb":{"@id":"https:\/\/mghouses.es\/inmobiliaria\/#breadcrumb"},"inLanguage":"ru-RU","potentialAction":[{"@type":"ReadAction","target":["https:\/\/mghouses.es\/inmobiliaria\/"]}]},{"@type":"BreadcrumbList","@id":"https:\/\/mghouses.es\/inmobiliaria\/#breadcrumb","itemListElement":[{"@type":"ListItem","position":1,"name":"Portada","item":"https:\/\/mghouses.es\/"},{"@type":"ListItem","position":2,"name":"Inmobiliaria"}]},{"@type":"WebSite","@id":"https:\/\/mghouses.es\/#website","url":"https:\/\/mghouses.es\/","name":"MG Houses","description":"Viviendas con prop\u00f3sito, dise\u00f1adas para ti","publisher":{"@id":"https:\/\/mghouses.es\/#organization"},"potentialAction":[{"@type":"SearchAction","target":{"@type":"EntryPoint","urlTemplate":"https:\/\/mghouses.es\/?s={search_term_string}"},"query-input":{"@type":"PropertyValueSpecification","valueRequired":true,"valueName":"search_term_string"}}],"inLanguage":"ru-RU"},{"@type":"Organization","@id":"https:\/\/mghouses.es\/#organization","name":"MG Houses","url":"https:\/\/mghouses.es\/","logo":{"@type":"ImageObject","inLanguage":"ru-RU","@id":"https:\/\/mghouses.es\/#\/schema\/logo\/image\/","url":"https:\/\/mghouses.es\/wp-content\/uploads\/2025\/05\/cropped-A_logo_for_22MGHOUSES22_is_displayed_in_solid_black_.png","contentUrl":"https:\/\/mghouses.es\/wp-content\/uploads\/2025\/05\/cropped-A_logo_for_22MGHOUSES22_is_displayed_in_solid_black_.png","width":512,"height":512,"caption":"MG Houses"},"image":{"@id":"https:\/\/mghouses.es\/#\/schema\/logo\/image\/"},"sameAs":["https:\/\/www.instagram.com\/mghouses.es\/"]}]}},"_links":{"self":[{"href":"https:\/\/mghouses.es\/ru\/wp-json\/wp\/v2\/pages\/70","targetHints":{"allow":["GET"]}}],"collection":[{"href":"https:\/\/mghouses.es\/ru\/wp-json\/wp\/v2\/pages"}],"about":[{"href":"https:\/\/mghouses.es\/ru\/wp-json\/wp\/v2\/types\/page"}],"author":[{"embeddable":true,"href":"https:\/\/mghouses.es\/ru\/wp-json\/wp\/v2\/users\/2"}],"replies":[{"embeddable":true,"href":"https:\/\/mghouses.es\/ru\/wp-json\/wp\/v2\/comments?post=70"}],"version-history":[{"count":0,"href":"https:\/\/mghouses.es\/ru\/wp-json\/wp\/v2\/pages\/70\/revisions"}],"wp:attachment":[{"href":"https:\/\/mghouses.es\/ru\/wp-json\/wp\/v2\/media?parent=70"}],"curies":[{"name":"wp","href":"https:\/\/api.w.org\/{rel}","templated":true}]}}