{"id":65,"date":"2024-05-18T04:08:03","date_gmt":"2024-05-18T04:08:03","guid":{"rendered":"http:\/\/xinterio-demo.pbminfotech.com\/demo1\/?page_id=4984"},"modified":"2026-02-18T20:21:10","modified_gmt":"2026-02-18T19:21:10","slug":"contactanos","status":"publish","type":"page","link":"https:\/\/mghouses.es\/ru\/contactanos\/","title":{"rendered":"\u0421\u0432\u044f\u0436\u0438\u0442\u0435\u0441\u044c \u0441 \u043d\u0430\u043c\u0438"},"content":{"rendered":"<div data-elementor-type=\"wp-page\" data-elementor-id=\"65\" class=\"elementor elementor-65\" data-elementor-post-type=\"page\">\n\t\t\t\t\t\t<section class=\"elementor-section elementor-top-section elementor-element elementor-element-7c44e8f pbmit-col-stretched-none pbmit-bg-color-over-image elementor-section-boxed elementor-section-height-default elementor-section-height-default\" data-id=\"7c44e8f\" data-element_type=\"section\" data-e-type=\"section\">\n\t\t\t\t\t\t<div class=\"elementor-container elementor-column-gap-default\">\n\t\t\t\t\t<div class=\"elementor-column elementor-col-50 elementor-top-column elementor-element elementor-element-e81680f pbmit-bg-color-over-image\" data-id=\"e81680f\" data-element_type=\"column\" data-e-type=\"column\">\n\t\t\t<div class=\"elementor-widget-wrap elementor-element-populated\">\n\t\t\t\t\t\t<div class=\"elementor-element elementor-element-2ed6edf elementor-widget elementor-widget-pbmit_heading\" data-id=\"2ed6edf\" data-element_type=\"widget\" data-e-type=\"widget\" data-widget_type=\"pbmit_heading.default\">\n\t\t\t\t<div class=\"elementor-widget-container\">\n\t\t\t\t\t<div class=\"pbmit-heading-subheading pbmit-heading-subheading-style-1 pbmit-reverse-heading-yesanimation-style2\"><h4 class=\"pbmit-element-subtitle\"><span>\r\n\t\t\t\t<\/span>\r\n\t\t\t\t\r\n\t\t\t\t\t\u0421\u0432\u044f\u0436\u0438\u0442\u0435\u0441\u044c \u0441 \u043d\u0430\u043c\u0438\r\n\t\t\t\t\r\n\t\t\t\t<\/h4>\r\n\t\t\t<h2 class=\"pbmit-element-title\">\r\n\t\t\t\t\r\n\t\t\t\t\t\u041c\u044b \u0440\u0430\u0434\u044b \u043e\u0442\u0432\u0435\u0442\u0438\u0442\u044c \u043d\u0430 \u0432\u0441\u0435 \u0432\u0430\u0448\u0438 \u0432\u043e\u043f\u0440\u043e\u0441\u044b\r\n\t\t\t\t\r\n\t\t\t\t<\/h2>\r\n\t\t\t<\/div>\t\t\t\t<\/div>\n\t\t\t\t<\/div>\n\t\t\t\t<div class=\"elementor-element elementor-element-903fde8 elementor-widget elementor-widget-text-editor\" data-id=\"903fde8\" data-element_type=\"widget\" data-e-type=\"widget\" data-widget_type=\"text-editor.default\">\n\t\t\t\t\t\t\t\t\t<div style=\"line-height: 1.6;\"><h3 style=\"font-size: 16px; font-weight: 600; margin-bottom: 5px;\">\u0410\u0434\u0440\u0435\u0441 \u043e\u0444\u0438\u0441\u0430<\/h3><p>Avinguda de Platja d&#8217;Aro, 264<br \/>17248 S&#8217;Agar\u00f3, Girona<\/p><h3 style=\"font-size: 16px; font-weight: 600; margin-top: 20px; margin-bottom: 5px;\">\u041a\u043e\u043d\u0442\u0430\u043a\u0442\u043d\u044b\u0435 \u0442\u0435\u043b\u0435\u0444\u043e\u043d\u044b<\/h3><ul><li><strong>\u041d\u0435\u0434\u0432\u0438\u0436\u0438\u043c\u043e\u0441\u0442\u044c<\/strong> <a href=\"tel:672870055\">672 870 055<\/a><\/li><li><strong>\u041f\u0440\u043e\u0435\u043a\u0442\u044b<\/strong> <a href=\"tel:722714858\">722 714 858<\/a><\/li><li><strong>\u0421\u0442\u0440\u043e\u0438\u0442\u0435\u043b\u044c\u0441\u0442\u0432\u043e<\/strong> <a href=\"tel:722714858\">722 714 858<\/a><\/li><\/ul><h3 style=\"font-size: 16px; font-weight: 600; margin-top: 20px; margin-bottom: 5px;\">Email \u043f\u043e \u0443\u0441\u043b\u0443\u0433\u0430\u043c<\/h3><ul><li><strong>\u041d\u0435\u0434\u0432\u0438\u0436\u0438\u043c\u043e\u0441\u0442\u044c<\/strong> <a href=\"mailto:inmo@mghouses.es\">inmo@mghouses.es<\/a><\/li><li><strong>\u041f\u0440\u043e\u0435\u043a\u0442\u044b<\/strong> <a href=\"mailto:innovacions@mghouses.es\"><span class=\"pbmit-email-text\">innovacions@mghouses.es<\/span><\/a><\/li><li><strong>\u0421\u0442\u0440\u043e\u0438\u0442\u0435\u043b\u044c\u0441\u0442\u0432\u043e<\/strong> <a href=\"mailto:innovacions@mghouses.es\"><span class=\"pbmit-email-text\">innovacions@mghouses.es<\/span><\/a><\/li><\/ul><\/div>\t\t\t\t\t\t\t\t<\/div>\n\t\t\t\t\t<\/div>\n\t\t<\/div>\n\t\t\t\t<div class=\"elementor-column elementor-col-50 elementor-top-column elementor-element elementor-element-7ae40e7 pbmit-bg-color-over-image\" data-id=\"7ae40e7\" data-element_type=\"column\" data-e-type=\"column\">\n\t\t\t<div class=\"elementor-widget-wrap elementor-element-populated\">\n\t\t\t\t\t\t<div class=\"elementor-element elementor-element-4e7976f elementor-widget elementor-widget-google_maps\" data-id=\"4e7976f\" data-element_type=\"widget\" data-e-type=\"widget\" data-widget_type=\"google_maps.default\">\n\t\t\t\t\t\t\t<div class=\"elementor-custom-embed\">\n\t\t\t<iframe loading=\"lazy\"\n\t\t\t\t\tsrc=\"https:\/\/maps.google.com\/maps?q=Avinguda%20de%20Platja%20d%27Aro%2C%20264%2C%2017248%20S%27Agar%C3%B3%2C%20Girona&#038;t=m&#038;z=14&#038;output=embed&#038;iwloc=near\"\n\t\t\t\t\ttitle=\"Avinguda de Platja d&#039;Aro, 264, 17248 S&#039;Agar\u00f3, Girona\"\n\t\t\t\t\taria-label=\"Avinguda de Platja d&#039;Aro, 264, 17248 S&#039;Agar\u00f3, Girona\"\n\t\t\t><\/iframe>\n\t\t<\/div>\n\t\t\t\t\t\t<\/div>\n\t\t\t\t\t<\/div>\n\t\t<\/div>\n\t\t\t\t\t<\/div>\n\t\t<\/section>\n\t\t\t\t<\/div>","protected":false},"excerpt":{"rendered":"<p>Cont\u00e1ctanos Estamos encantados de resolver todas tus dudas Direcci\u00f3n del local Avinguda de Platja d&#8217;Aro, 26417248 S&#8217;Agar\u00f3, Girona Tel\u00e9fonos de contacto Inmobiliaria: 672 870 055 Proyectos: 722 714 858 Construcci\u00f3n: 722 714 858 Emails por servicio Inmobiliaria: inmo@mghouses.es Proyectos: innovacions@mghouses.es Construcci\u00f3n: innovacions@mghouses.es<\/p>","protected":false},"author":2,"featured_media":0,"parent":0,"menu_order":32,"comment_status":"closed","ping_status":"closed","template":"","meta":{"_acf_changed":false,"footnotes":""},"class_list":["post-65","page","type-page","status-publish","hentry"],"acf":[],"yoast_head":"<!-- This site is optimized with the Yoast SEO plugin v27.5 - https:\/\/yoast.com\/product\/yoast-seo-wordpress\/ -->\n<title>Cont\u00e1ctanos - MG Houses<\/title>\n<meta name=\"robots\" content=\"index, follow, max-snippet:-1, max-image-preview:large, max-video-preview:-1\" \/>\n<link rel=\"canonical\" href=\"https:\/\/mghouses.es\/ru\/contactanos\/\" \/>\n<meta property=\"og:locale\" content=\"ru_RU\" \/>\n<meta property=\"og:type\" content=\"article\" \/>\n<meta property=\"og:title\" content=\"Cont\u00e1ctanos - MG Houses\" \/>\n<meta property=\"og:description\" content=\"Cont\u00e1ctanos Estamos encantados de resolver todas tus dudas Direcci\u00f3n del local Avinguda de Platja d&#8217;Aro, 26417248 S&#8217;Agar\u00f3, Girona Tel\u00e9fonos de contacto Inmobiliaria: 672 870 055 Proyectos: 722 714 858 Construcci\u00f3n: 722 714 858 Emails por servicio Inmobiliaria: inmo@mghouses.es Proyectos: innovacions@mghouses.es Construcci\u00f3n: innovacions@mghouses.es\" \/>\n<meta property=\"og:url\" content=\"https:\/\/mghouses.es\/ru\/contactanos\/\" \/>\n<meta property=\"og:site_name\" content=\"MG Houses\" \/>\n<meta property=\"article:modified_time\" content=\"2026-02-18T19:21:10+00:00\" \/>\n<meta name=\"twitter:card\" content=\"summary_large_image\" \/>\n<meta name=\"twitter:label1\" content=\"\u041f\u0440\u0438\u043c\u0435\u0440\u043d\u043e\u0435 \u0432\u0440\u0435\u043c\u044f \u0434\u043b\u044f \u0447\u0442\u0435\u043d\u0438\u044f\" \/>\n\t<meta name=\"twitter:data1\" content=\"1 \u043c\u0438\u043d\u0443\u0442\u0430\" \/>\n<script type=\"application\/ld+json\" class=\"yoast-schema-graph\">{\"@context\":\"https:\\\/\\\/schema.org\",\"@graph\":[{\"@type\":\"WebPage\",\"@id\":\"https:\\\/\\\/mghouses.es\\\/contactanos\\\/\",\"url\":\"https:\\\/\\\/mghouses.es\\\/contactanos\\\/\",\"name\":\"Cont\u00e1ctanos - MG Houses\",\"isPartOf\":{\"@id\":\"https:\\\/\\\/mghouses.es\\\/#website\"},\"datePublished\":\"2024-05-18T04:08:03+00:00\",\"dateModified\":\"2026-02-18T19:21:10+00:00\",\"breadcrumb\":{\"@id\":\"https:\\\/\\\/mghouses.es\\\/contactanos\\\/#breadcrumb\"},\"inLanguage\":\"ru-RU\",\"potentialAction\":[{\"@type\":\"ReadAction\",\"target\":[\"https:\\\/\\\/mghouses.es\\\/contactanos\\\/\"]}]},{\"@type\":\"BreadcrumbList\",\"@id\":\"https:\\\/\\\/mghouses.es\\\/contactanos\\\/#breadcrumb\",\"itemListElement\":[{\"@type\":\"ListItem\",\"position\":1,\"name\":\"Portada\",\"item\":\"https:\\\/\\\/mghouses.es\\\/\"},{\"@type\":\"ListItem\",\"position\":2,\"name\":\"Cont\u00e1ctanos\"}]},{\"@type\":\"WebSite\",\"@id\":\"https:\\\/\\\/mghouses.es\\\/#website\",\"url\":\"https:\\\/\\\/mghouses.es\\\/\",\"name\":\"MG Houses\",\"description\":\"Viviendas con prop\u00f3sito, dise\u00f1adas para ti\",\"publisher\":{\"@id\":\"https:\\\/\\\/mghouses.es\\\/#organization\"},\"potentialAction\":[{\"@type\":\"SearchAction\",\"target\":{\"@type\":\"EntryPoint\",\"urlTemplate\":\"https:\\\/\\\/mghouses.es\\\/?s={search_term_string}\"},\"query-input\":{\"@type\":\"PropertyValueSpecification\",\"valueRequired\":true,\"valueName\":\"search_term_string\"}}],\"inLanguage\":\"ru-RU\"},{\"@type\":\"Organization\",\"@id\":\"https:\\\/\\\/mghouses.es\\\/#organization\",\"name\":\"MG Houses\",\"url\":\"https:\\\/\\\/mghouses.es\\\/\",\"logo\":{\"@type\":\"ImageObject\",\"inLanguage\":\"ru-RU\",\"@id\":\"https:\\\/\\\/mghouses.es\\\/#\\\/schema\\\/logo\\\/image\\\/\",\"url\":\"https:\\\/\\\/mghouses.es\\\/wp-content\\\/uploads\\\/2025\\\/05\\\/cropped-A_logo_for_22MGHOUSES22_is_displayed_in_solid_black_.png\",\"contentUrl\":\"https:\\\/\\\/mghouses.es\\\/wp-content\\\/uploads\\\/2025\\\/05\\\/cropped-A_logo_for_22MGHOUSES22_is_displayed_in_solid_black_.png\",\"width\":512,\"height\":512,\"caption\":\"MG Houses\"},\"image\":{\"@id\":\"https:\\\/\\\/mghouses.es\\\/#\\\/schema\\\/logo\\\/image\\\/\"},\"sameAs\":[\"https:\\\/\\\/www.instagram.com\\\/mghouses.es\\\/\"]}]}<\/script>\n<!-- \/ Yoast SEO plugin. -->","yoast_head_json":{"title":"\u0421\u0432\u044f\u0436\u0438\u0442\u0435\u0441\u044c \u0441 \u043d\u0430\u043c\u0438 \u2013 MG Houses","robots":{"index":"index","follow":"follow","max-snippet":"max-snippet:-1","max-image-preview":"max-image-preview:large","max-video-preview":"max-video-preview:-1"},"canonical":"https:\/\/mghouses.es\/ru\/contactanos\/","og_locale":"ru_RU","og_type":"article","og_title":"Cont\u00e1ctanos - MG Houses","og_description":"Cont\u00e1ctanos Estamos encantados de resolver todas tus dudas Direcci\u00f3n del local Avinguda de Platja d&#8217;Aro, 26417248 S&#8217;Agar\u00f3, Girona Tel\u00e9fonos de contacto Inmobiliaria: 672 870 055 Proyectos: 722 714 858 Construcci\u00f3n: 722 714 858 Emails por servicio Inmobiliaria: inmo@mghouses.es Proyectos: innovacions@mghouses.es Construcci\u00f3n: innovacions@mghouses.es","og_url":"https:\/\/mghouses.es\/ru\/contactanos\/","og_site_name":"MG Houses","article_modified_time":"2026-02-18T19:21:10+00:00","twitter_card":"summary_large_image","twitter_misc":{"\u041f\u0440\u0438\u043c\u0435\u0440\u043d\u043e\u0435 \u0432\u0440\u0435\u043c\u044f \u0434\u043b\u044f \u0447\u0442\u0435\u043d\u0438\u044f":"1 \u043c\u0438\u043d\u0443\u0442\u0430"},"schema":{"@context":"https:\/\/schema.org","@graph":[{"@type":"WebPage","@id":"https:\/\/mghouses.es\/contactanos\/","url":"https:\/\/mghouses.es\/contactanos\/","name":"\u0421\u0432\u044f\u0436\u0438\u0442\u0435\u0441\u044c \u0441 \u043d\u0430\u043c\u0438 \u2013 MG Houses","isPartOf":{"@id":"https:\/\/mghouses.es\/#website"},"datePublished":"2024-05-18T04:08:03+00:00","dateModified":"2026-02-18T19:21:10+00:00","breadcrumb":{"@id":"https:\/\/mghouses.es\/contactanos\/#breadcrumb"},"inLanguage":"ru-RU","potentialAction":[{"@type":"ReadAction","target":["https:\/\/mghouses.es\/contactanos\/"]}]},{"@type":"BreadcrumbList","@id":"https:\/\/mghouses.es\/contactanos\/#breadcrumb","itemListElement":[{"@type":"ListItem","position":1,"name":"Portada","item":"https:\/\/mghouses.es\/"},{"@type":"ListItem","position":2,"name":"Cont\u00e1ctanos"}]},{"@type":"WebSite","@id":"https:\/\/mghouses.es\/#website","url":"https:\/\/mghouses.es\/","name":"MG Houses","description":"Viviendas con prop\u00f3sito, dise\u00f1adas para ti","publisher":{"@id":"https:\/\/mghouses.es\/#organization"},"potentialAction":[{"@type":"SearchAction","target":{"@type":"EntryPoint","urlTemplate":"https:\/\/mghouses.es\/?s={search_term_string}"},"query-input":{"@type":"PropertyValueSpecification","valueRequired":true,"valueName":"search_term_string"}}],"inLanguage":"ru-RU"},{"@type":"Organization","@id":"https:\/\/mghouses.es\/#organization","name":"MG Houses","url":"https:\/\/mghouses.es\/","logo":{"@type":"ImageObject","inLanguage":"ru-RU","@id":"https:\/\/mghouses.es\/#\/schema\/logo\/image\/","url":"https:\/\/mghouses.es\/wp-content\/uploads\/2025\/05\/cropped-A_logo_for_22MGHOUSES22_is_displayed_in_solid_black_.png","contentUrl":"https:\/\/mghouses.es\/wp-content\/uploads\/2025\/05\/cropped-A_logo_for_22MGHOUSES22_is_displayed_in_solid_black_.png","width":512,"height":512,"caption":"MG Houses"},"image":{"@id":"https:\/\/mghouses.es\/#\/schema\/logo\/image\/"},"sameAs":["https:\/\/www.instagram.com\/mghouses.es\/"]}]}},"_links":{"self":[{"href":"https:\/\/mghouses.es\/ru\/wp-json\/wp\/v2\/pages\/65","targetHints":{"allow":["GET"]}}],"collection":[{"href":"https:\/\/mghouses.es\/ru\/wp-json\/wp\/v2\/pages"}],"about":[{"href":"https:\/\/mghouses.es\/ru\/wp-json\/wp\/v2\/types\/page"}],"author":[{"embeddable":true,"href":"https:\/\/mghouses.es\/ru\/wp-json\/wp\/v2\/users\/2"}],"replies":[{"embeddable":true,"href":"https:\/\/mghouses.es\/ru\/wp-json\/wp\/v2\/comments?post=65"}],"version-history":[{"count":0,"href":"https:\/\/mghouses.es\/ru\/wp-json\/wp\/v2\/pages\/65\/revisions"}],"wp:attachment":[{"href":"https:\/\/mghouses.es\/ru\/wp-json\/wp\/v2\/media?parent=65"}],"curies":[{"name":"wp","href":"https:\/\/api.w.org\/{rel}","templated":true}]}}