{"id":68,"date":"2024-05-17T12:00:16","date_gmt":"2024-05-17T12:00:16","guid":{"rendered":"http:\/\/xinterio-demo.pbminfotech.com\/demo1\/?page_id=4918"},"modified":"2026-02-18T20:15:10","modified_gmt":"2026-02-18T19:15:10","slug":"construccion","status":"publish","type":"page","link":"https:\/\/mghouses.es\/en\/construccion\/","title":{"rendered":"Construction"},"content":{"rendered":"<div data-elementor-type=\"wp-page\" data-elementor-id=\"68\" class=\"elementor elementor-68\" data-elementor-post-type=\"page\">\n\t\t\t\t\t\t<section class=\"elementor-section elementor-top-section elementor-element elementor-element-2c3e8f3 pbmit-col-stretched-none pbmit-bg-color-over-image elementor-section-boxed elementor-section-height-default elementor-section-height-default elementor-invisible\" data-id=\"2c3e8f3\" data-element_type=\"section\" data-e-type=\"section\" data-settings=\"{&quot;animation&quot;:&quot;fadeIn&quot;}\">\n\t\t\t\t\t\t<div class=\"elementor-container elementor-column-gap-default\">\n\t\t\t\t\t<div class=\"elementor-column elementor-col-100 elementor-top-column elementor-element elementor-element-ccde400 pbmit-bg-color-over-image\" data-id=\"ccde400\" data-element_type=\"column\" data-e-type=\"column\">\n\t\t\t<div class=\"elementor-widget-wrap elementor-element-populated\">\n\t\t\t\t\t\t<div class=\"elementor-element elementor-element-03c0f88 elementor-widget elementor-widget-text-editor\" data-id=\"03c0f88\" data-element_type=\"widget\" data-e-type=\"widget\" data-widget_type=\"text-editor.default\">\n\t\t\t\t\t\t\t\t\t<p>We offer home construction services with a focus on high quality, efficiency, and a strong commitment to our clients. We understand that building a home is one of the most important decisions in a person\u2019s life, and we\u2019re here to make that process a positive and fulfilling experience.<\/p>\t\t\t\t\t\t\t\t<\/div>\n\t\t\t\t\t<\/div>\n\t\t<\/div>\n\t\t\t\t\t<\/div>\n\t\t<\/section>\n\t\t\t\t<div class=\"elementor-section elementor-top-section elementor-element elementor-element-e9d5644 pbmit-col-stretched-none pbmit-bg-color-over-image elementor-section-boxed elementor-section-height-default elementor-section-height-default elementor-invisible\" data-id=\"e9d5644\" data-element_type=\"section\" data-e-type=\"section\" data-settings=\"{&quot;animation&quot;:&quot;fadeIn&quot;}\">\n\t\t\t\t\t\t<div class=\"elementor-container elementor-column-gap-no\">\n\t\t\t\t\t<div class=\"elementor-column elementor-col-100 elementor-top-column elementor-element elementor-element-2f3ad46 pbmit-bg-color-over-image\" data-id=\"2f3ad46\" data-element_type=\"column\" data-e-type=\"column\">\n\t\t\t<div class=\"elementor-widget-wrap elementor-element-populated\">\n\t\t\t\t\t\t<div class=\"elementor-element elementor-element-20742b5 pbmit-ele-header-align-center elementor-widget elementor-widget-pbmit_multiple_icon_heading\" data-id=\"20742b5\" data-element_type=\"widget\" data-e-type=\"widget\" data-widget_type=\"pbmit_multiple_icon_heading.default\">\n\t\t\t\t<div class=\"elementor-widget-container\">\n\t\t\t\t\t\t\t\t<div class=\"pbminfotech-element\t\t\t\tpbminfotech-element-miconheading\t\t\t\tpbmit-element-miconheading-style-4\t\t\t\tpbmit-element-viewtype-row-column\t\t\t\tpbmit-element-column-four\t\t\t\tpbmit-element-sticky-carousel-false\t\t\t\tpbmit-element-caroursel-dot-false\t\t\t\tpbmit-infinite-scroll-no\t\t\t\tpbmit-infinite-scroll-button-no\t\t\t\tpbminfotech-gap-default\"\r\n\t\t\t\tdata-cpt=\"miconheading\"\r\n\t\t\t\tdata-totalpagination=\"1\"\r\n\t\t\t\tdata-style=\"4\"\r\n\t\t\t\tdata-show=\"3\"\r\n\t\t\t\tdata-columns=\"4\"\r\n\t\t\t\tdata-loop=\"false\"\r\n\t\t\t\tdata-autoplay=\"false\"\r\n\t\t\t\tdata-center=\"false\"\r\n\t\t\t\tdata-nav=\"false\"\r\n\t\t\t\tdata-dots=\"false\"\r\n\t\t\t\tdata-reverse=\"false\"\r\n\t\t\t\tdata-speed=\"1000\"\r\n\t\t\t\tdata-marquee-speed=\"10000\"\r\n\t\t\t\tdata-delay=\"4000\"\r\n\t\t\t\tdata-margin=\"default\"\r\n\t\t\t\tdata-show-portion=\"false\">\r\n\t\t\t\t<div class=\"pbmit-element-inner\">\r\n\t\t\t\t\t<div class=\"pbmit-ele-header-area\">\r\n\t\t\t<div class=\"pbmit-heading-subheading pbmit-heading-subheading-style-1 pbmit-reverse-heading-yesanimation-style4\"><h2 class=\"pbmit-element-title\">\r\n\t\t\t\t\r\n\t\t\t\t\tOur services\r\n\t\t\t\t\r\n\t\t\t\t<\/h2>\r\n\t\t\t<\/div>\t\t<\/div>\r\n\t\t<div class=\"pbmit-ih-highlight\"><h2>Construction<\/h2><\/div>\t\t<div class=\"pbmit-element-posts-wrapper row multi-columns-row\">\r\n\t\t\t<article class=\"pbmit-ele pbmit-ele-miconheading pbmit-miconheading-style-4 col-md-6 col-lg-3\">\t\t\t\t\t\t<div class=\"pbmit-ihbox pbmit-ihbox-style-4\">\r\n\t\t\t\t\t\t\t<div class=\"pbmit-ihbox-headingicon\">\r\n\t<div class=\"pbmit-ihbox-icon\"><div class=\"pbmit-ihbox-icon-wrapper pbmit-icon-type-icon\"><i class=\"pbmit-xinterio-icon pbmit-xinterio-icon-engineer\"><\/i><\/div><\/div>\t<div class=\"pbmit-ihbox-box-number\">01<\/div>\t\t<h2 class=\"pbmit-element-title\">\r\n\t\t\t\t\t\t\t\t\r\n\t\t\t\t\t\t\t\t\tHome Construction\r\n\t\t\t\t\t\t\t\t\r\n\t\t\t\t\t\t\t\t<\/h2>\r\n\t\t\t\t\t\t\t\t<div class=\"pbmit-heading-desc\"> Development of construction projects from the ground up, tailored to each client\u2019s needs and desires.<\/div>\t<\/div> \t\r\n\t\t\t\t\t\t<\/div>\r\n\t\t\t\t\t<\/article><article class=\"pbmit-ele pbmit-ele-miconheading pbmit-miconheading-style-4 col-md-6 col-lg-3\">\t\t\t\t\t\t<div class=\"pbmit-ihbox pbmit-ihbox-style-4\">\r\n\t\t\t\t\t\t\t<div class=\"pbmit-ihbox-headingicon\">\r\n\t<div class=\"pbmit-ihbox-icon\"><div class=\"pbmit-ihbox-icon-wrapper pbmit-icon-type-icon\"><i class=\"pbmit-xinterio-icon pbmit-xinterio-icon-hard-hat\"><\/i><\/div><\/div>\t<div class=\"pbmit-ihbox-box-number\">01<\/div>\t\t<h2 class=\"pbmit-element-title\">\r\n\t\t\t\t\t\t\t\t\r\n\t\t\t\t\t\t\t\t\tRenovations and Remodeling\r\n\t\t\t\t\t\t\t\t\r\n\t\t\t\t\t\t\t\t<\/h2>\r\n\t\t\t\t\t\t\t\t<div class=\"pbmit-heading-desc\"> Updating and enhancing existing spaces, transforming homes to suit new lifestyles.<\/div>\t<\/div> \t\r\n\t\t\t\t\t\t<\/div>\r\n\t\t\t\t\t<\/article><article class=\"pbmit-ele pbmit-ele-miconheading pbmit-miconheading-style-4 col-md-6 col-lg-3\">\t\t\t\t\t\t<div class=\"pbmit-ihbox pbmit-ihbox-style-4\">\r\n\t\t\t\t\t\t\t<div class=\"pbmit-ihbox-headingicon\">\r\n\t<div class=\"pbmit-ihbox-icon\"><div class=\"pbmit-ihbox-icon-wrapper pbmit-icon-type-icon\"><i class=\"pbmit-xinterio-icon pbmit-xinterio-icon-compass\"><\/i><\/div><\/div>\t<div class=\"pbmit-ihbox-box-number\">01<\/div>\t\t<h2 class=\"pbmit-element-title\">\r\n\t\t\t\t\t\t\t\t\r\n\t\t\t\t\t\t\t\t\tDesign and Planning\r\n\t\t\t\t\t\t\t\t\r\n\t\t\t\t\t\t\t\t<\/h2>\r\n\t\t\t\t\t\t\t\t<div class=\"pbmit-heading-desc\">Architectural design consulting and project planning, ensuring a smooth and efficient execution.<\/div>\t<\/div> \t\r\n\t\t\t\t\t\t<\/div>\r\n\t\t\t\t\t<\/article><article class=\"pbmit-ele pbmit-ele-miconheading pbmit-miconheading-style-4 col-md-6 col-lg-3\">\t\t\t\t\t\t<div class=\"pbmit-ihbox pbmit-ihbox-style-4\">\r\n\t\t\t\t\t\t\t<div class=\"pbmit-ihbox-headingicon\">\r\n\t<div class=\"pbmit-ihbox-icon\"><div class=\"pbmit-ihbox-icon-wrapper pbmit-icon-type-icon\"><i class=\"pbmit-xinterio-icon pbmit-xinterio-icon-portfolio\"><\/i><\/div><\/div>\t<div class=\"pbmit-ihbox-box-number\">01<\/div>\t\t<h2 class=\"pbmit-element-title\">\r\n\t\t\t\t\t\t\t\t\r\n\t\t\t\t\t\t\t\t\tProject Management\r\n\t\t\t\t\t\t\t\t\r\n\t\t\t\t\t\t\t\t<\/h2>\r\n\t\t\t\t\t\t\t\t<div class=\"pbmit-heading-desc\">Comprehensive supervision of each phase of the project, ensuring that established deadlines and budgets are met.<\/div>\t<\/div> \t\r\n\t\t\t\t\t\t<\/div>\r\n\t\t\t\t\t<\/article>\t\t<\/div>\r\n\t\t\t\t\t\t<\/div><!-- .pbmit-element-inner -->\r\n\t\t\t<\/div><!-- .pbminfotech-element -->\r\n\t\t\t\t\t\t\t<\/div>\n\t\t\t\t<\/div>\n\t\t\t\t<div class=\"elementor-element elementor-element-a1d1303 pbmit-ele-header-align-center elementor-widget elementor-widget-pbmit_multiple_icon_heading\" data-id=\"a1d1303\" data-element_type=\"widget\" data-e-type=\"widget\" data-widget_type=\"pbmit_multiple_icon_heading.default\">\n\t\t\t\t<div class=\"elementor-widget-container\">\n\t\t\t\t\t\t\t\t<div class=\"pbminfotech-element\t\t\t\tpbminfotech-element-miconheading\t\t\t\tpbmit-element-miconheading-style-4\t\t\t\tpbmit-element-viewtype-row-column\t\t\t\tpbmit-element-column-four\t\t\t\tpbmit-element-sticky-carousel-false\t\t\t\tpbmit-element-caroursel-dot-false\t\t\t\tpbmit-infinite-scroll-no\t\t\t\tpbmit-infinite-scroll-button-no\t\t\t\tpbminfotech-gap-default\"\r\n\t\t\t\tdata-cpt=\"miconheading\"\r\n\t\t\t\tdata-totalpagination=\"1\"\r\n\t\t\t\tdata-style=\"4\"\r\n\t\t\t\tdata-show=\"3\"\r\n\t\t\t\tdata-columns=\"4\"\r\n\t\t\t\tdata-loop=\"false\"\r\n\t\t\t\tdata-autoplay=\"false\"\r\n\t\t\t\tdata-center=\"false\"\r\n\t\t\t\tdata-nav=\"false\"\r\n\t\t\t\tdata-dots=\"false\"\r\n\t\t\t\tdata-reverse=\"false\"\r\n\t\t\t\tdata-speed=\"1000\"\r\n\t\t\t\tdata-marquee-speed=\"10000\"\r\n\t\t\t\tdata-delay=\"4000\"\r\n\t\t\t\tdata-margin=\"default\"\r\n\t\t\t\tdata-show-portion=\"false\">\r\n\t\t\t\t<div class=\"pbmit-element-inner\">\r\n\t\t\t\t\t<div class=\"pbmit-ele-header-area\">\r\n\t\t\t<div class=\"pbmit-heading-subheading pbmit-heading-subheading-style-1 pbmit-reverse-heading-yesanimation-style4\"><\/div>\t\t<\/div>\r\n\t\t\t\t<div class=\"pbmit-element-posts-wrapper row multi-columns-row\">\r\n\t\t\t<article class=\"pbmit-ele pbmit-ele-miconheading pbmit-miconheading-style-4 col-md-6 col-lg-3\">\t\t\t\t\t\t<div class=\"pbmit-ihbox pbmit-ihbox-style-4\">\r\n\t\t\t\t\t\t\t<div class=\"pbmit-ihbox-headingicon\">\r\n\t<div class=\"pbmit-ihbox-icon\"><div class=\"pbmit-ihbox-icon-wrapper pbmit-icon-type-icon\"><i class=\"pbmit-xinterio-icon pbmit-xinterio-icon-tape-measure\"><\/i><\/div><\/div>\t<div class=\"pbmit-ihbox-box-number\">01<\/div>\t\t<h2 class=\"pbmit-element-title\">\r\n\t\t\t\t\t\t\t\t\r\n\t\t\t\t\t\t\t\t\tElectrical and Plumbing Installations\r\n\t\t\t\t\t\t\t\t\r\n\t\t\t\t\t\t\t\t<\/h2>\r\n\t\t\t\t\t\t\t\t<div class=\"pbmit-heading-desc\">Comprehensive installation and maintenance services for electrical and plumbing systems, ensuring the home\u2019s functionality and safety.<\/div>\t<\/div> \t\r\n\t\t\t\t\t\t<\/div>\r\n\t\t\t\t\t<\/article><article class=\"pbmit-ele pbmit-ele-miconheading pbmit-miconheading-style-4 col-md-6 col-lg-3\">\t\t\t\t\t\t<div class=\"pbmit-ihbox pbmit-ihbox-style-4\">\r\n\t\t\t\t\t\t\t<div class=\"pbmit-ihbox-headingicon\">\r\n\t<div class=\"pbmit-ihbox-icon\"><div class=\"pbmit-ihbox-icon-wrapper pbmit-icon-type-icon\"><i class=\"pbmit-xinterio-icon pbmit-xinterio-icon-map\"><\/i><\/div><\/div>\t<div class=\"pbmit-ihbox-box-number\">01<\/div>\t\t<h2 class=\"pbmit-element-title\">\r\n\t\t\t\t\t\t\t\t\r\n\t\t\t\t\t\t\t\t\tInterior and Exterior Finishes\r\n\t\t\t\t\t\t\t\t\r\n\t\t\t\t\t\t\t\t<\/h2>\r\n\t\t\t\t\t\t\t\t<div class=\"pbmit-heading-desc\">High-quality finishing work, including painting, cladding, flooring, and more, to give every home a perfect final touch.<\/div>\t<\/div> \t\r\n\t\t\t\t\t\t<\/div>\r\n\t\t\t\t\t<\/article><article class=\"pbmit-ele pbmit-ele-miconheading pbmit-miconheading-style-4 col-md-6 col-lg-3\">\t\t\t\t\t\t<div class=\"pbmit-ihbox pbmit-ihbox-style-4\">\r\n\t\t\t\t\t\t\t<div class=\"pbmit-ihbox-headingicon\">\r\n\t<div class=\"pbmit-ihbox-icon\"><div class=\"pbmit-ihbox-icon-wrapper pbmit-icon-type-icon\"><i class=\"pbmit-xinterio-icon pbmit-xinterio-icon-paint\"><\/i><\/div><\/div>\t<div class=\"pbmit-ihbox-box-number\">01<\/div>\t\t<h2 class=\"pbmit-element-title\">\r\n\t\t\t\t\t\t\t\t\r\n\t\t\t\t\t\t\t\t\tLandscaping\r\n\t\t\t\t\t\t\t\t\r\n\t\t\t\t\t\t\t\t<\/h2>\r\n\t\t\t\t\t\t\t\t<div class=\"pbmit-heading-desc\">Design and execution of outdoor spaces that complement the home, creating pleasant and functional environments.<\/div>\t<\/div> \t\r\n\t\t\t\t\t\t<\/div>\r\n\t\t\t\t\t<\/article><article class=\"pbmit-ele pbmit-ele-miconheading pbmit-miconheading-style-4 col-md-6 col-lg-3\">\t\t\t\t\t\t<div class=\"pbmit-ihbox pbmit-ihbox-style-4\">\r\n\t\t\t\t\t\t\t<div class=\"pbmit-ihbox-headingicon\">\r\n\t<div class=\"pbmit-ihbox-icon\"><div class=\"pbmit-ihbox-icon-wrapper pbmit-icon-type-icon\"><i class=\"pbmit-xinterio-icon pbmit-xinterio-icon-award\"><\/i><\/div><\/div>\t<div class=\"pbmit-ihbox-box-number\">01<\/div>\t\t<h2 class=\"pbmit-element-title\">\r\n\t\t\t\t\t\t\t\t\r\n\t\t\t\t\t\t\t\t\tSustainability Consulting\r\n\t\t\t\t\t\t\t\t\r\n\t\t\t\t\t\t\t\t<\/h2>\r\n\t\t\t\t\t\t\t\t<div class=\"pbmit-heading-desc\"> Implementation of sustainable practices in construction, such as the use of eco-friendly materials and energy-efficient techniques.<\/div>\t<\/div> \t\r\n\t\t\t\t\t\t<\/div>\r\n\t\t\t\t\t<\/article>\t\t<\/div>\r\n\t\t\t\t\t\t<\/div><!-- .pbmit-element-inner -->\r\n\t\t\t<\/div><!-- .pbminfotech-element -->\r\n\t\t\t\t\t\t\t<\/div>\n\t\t\t\t<\/div>\n\t\t\t\t\t<\/div>\n\t\t<\/div>\n\t\t\t\t\t<\/div>\n\t\t<\/div>\n\t\t\t\t<section class=\"elementor-section elementor-top-section elementor-element elementor-element-52e8b0e pbmit-col-stretched-none pbmit-bg-color-over-image elementor-section-boxed elementor-section-height-default elementor-section-height-default\" data-id=\"52e8b0e\" data-element_type=\"section\" data-e-type=\"section\">\n\t\t\t\t\t\t<div class=\"elementor-container elementor-column-gap-default\">\n\t\t\t\t\t<div class=\"elementor-column elementor-col-100 elementor-top-column elementor-element elementor-element-7b7e045 pbmit-bg-color-over-image\" data-id=\"7b7e045\" data-element_type=\"column\" data-e-type=\"column\">\n\t\t\t<div class=\"elementor-widget-wrap elementor-element-populated\">\n\t\t\t\t\t\t<div class=\"elementor-element elementor-element-984c21d elementor-widget elementor-widget-text-editor\" data-id=\"984c21d\" data-element_type=\"widget\" data-e-type=\"widget\" data-widget_type=\"text-editor.default\">\n\t\t\t\t\t\t\t\t\t<p>At <strong>MG HOUSES<\/strong>, our mission is to build not just houses, but homes where families can create memories and enjoy life. We are committed to delivering exceptional service and building lasting relationships with our clients.<\/p>\t\t\t\t\t\t\t\t<\/div>\n\t\t\t\t\t<\/div>\n\t\t<\/div>\n\t\t\t\t\t<\/div>\n\t\t<\/section>\n\t\t\t\t<\/div>","protected":false},"excerpt":{"rendered":"<p>Ofrecemos servicios de construcci\u00f3n de viviendas con un enfoque en alta calidad, eficacia y un firme compromiso con nuestros clientes. Entendemos que construir un hogar es una de las decisiones m\u00e1s importantes en la vida de las personas, y estamos aqu\u00ed para hacer de ese proceso una experiencia positiva y satisfactoria. Nuestros servicios Construcci\u00f3n 01 [&hellip;]<\/p>\n","protected":false},"author":2,"featured_media":0,"parent":0,"menu_order":5,"comment_status":"closed","ping_status":"closed","template":"","meta":{"_acf_changed":false,"footnotes":""},"class_list":["post-68","page","type-page","status-publish","hentry"],"acf":[],"yoast_head":"<!-- This site is optimized with the Yoast SEO plugin v27.4 - https:\/\/yoast.com\/product\/yoast-seo-wordpress\/ -->\n<title>Construcci\u00f3n - MG Houses<\/title>\n<meta name=\"robots\" content=\"index, follow, max-snippet:-1, max-image-preview:large, max-video-preview:-1\" \/>\n<link rel=\"canonical\" href=\"https:\/\/mghouses.es\/en\/construccion\/\" \/>\n<meta property=\"og:locale\" content=\"en_GB\" \/>\n<meta property=\"og:type\" content=\"article\" \/>\n<meta property=\"og:title\" content=\"Construcci\u00f3n - MG Houses\" \/>\n<meta property=\"og:description\" content=\"Ofrecemos servicios de construcci\u00f3n de viviendas con un enfoque en alta calidad, eficacia y un firme compromiso con nuestros clientes. Entendemos que construir un hogar es una de las decisiones m\u00e1s importantes en la vida de las personas, y estamos aqu\u00ed para hacer de ese proceso una experiencia positiva y satisfactoria. Nuestros servicios Construcci\u00f3n 01 [&hellip;]\" \/>\n<meta property=\"og:url\" content=\"https:\/\/mghouses.es\/en\/construccion\/\" \/>\n<meta property=\"og:site_name\" content=\"MG Houses\" \/>\n<meta property=\"article:modified_time\" content=\"2026-02-18T19:15:10+00:00\" \/>\n<meta name=\"twitter:card\" content=\"summary_large_image\" \/>\n<meta name=\"twitter:label1\" content=\"Estimated reading time\" \/>\n\t<meta name=\"twitter:data1\" content=\"1 minute\" \/>\n<script type=\"application\/ld+json\" class=\"yoast-schema-graph\">{\"@context\":\"https:\\\/\\\/schema.org\",\"@graph\":[{\"@type\":\"WebPage\",\"@id\":\"https:\\\/\\\/mghouses.es\\\/construccion\\\/\",\"url\":\"https:\\\/\\\/mghouses.es\\\/construccion\\\/\",\"name\":\"Construcci\u00f3n - MG Houses\",\"isPartOf\":{\"@id\":\"https:\\\/\\\/mghouses.es\\\/#website\"},\"datePublished\":\"2024-05-17T12:00:16+00:00\",\"dateModified\":\"2026-02-18T19:15:10+00:00\",\"breadcrumb\":{\"@id\":\"https:\\\/\\\/mghouses.es\\\/construccion\\\/#breadcrumb\"},\"inLanguage\":\"en-GB\",\"potentialAction\":[{\"@type\":\"ReadAction\",\"target\":[\"https:\\\/\\\/mghouses.es\\\/construccion\\\/\"]}]},{\"@type\":\"BreadcrumbList\",\"@id\":\"https:\\\/\\\/mghouses.es\\\/construccion\\\/#breadcrumb\",\"itemListElement\":[{\"@type\":\"ListItem\",\"position\":1,\"name\":\"Portada\",\"item\":\"https:\\\/\\\/mghouses.es\\\/\"},{\"@type\":\"ListItem\",\"position\":2,\"name\":\"Construcci\u00f3n\"}]},{\"@type\":\"WebSite\",\"@id\":\"https:\\\/\\\/mghouses.es\\\/#website\",\"url\":\"https:\\\/\\\/mghouses.es\\\/\",\"name\":\"MG Houses\",\"description\":\"Viviendas con prop\u00f3sito, dise\u00f1adas para ti\",\"publisher\":{\"@id\":\"https:\\\/\\\/mghouses.es\\\/#organization\"},\"potentialAction\":[{\"@type\":\"SearchAction\",\"target\":{\"@type\":\"EntryPoint\",\"urlTemplate\":\"https:\\\/\\\/mghouses.es\\\/?s={search_term_string}\"},\"query-input\":{\"@type\":\"PropertyValueSpecification\",\"valueRequired\":true,\"valueName\":\"search_term_string\"}}],\"inLanguage\":\"en-GB\"},{\"@type\":\"Organization\",\"@id\":\"https:\\\/\\\/mghouses.es\\\/#organization\",\"name\":\"MG Houses\",\"url\":\"https:\\\/\\\/mghouses.es\\\/\",\"logo\":{\"@type\":\"ImageObject\",\"inLanguage\":\"en-GB\",\"@id\":\"https:\\\/\\\/mghouses.es\\\/#\\\/schema\\\/logo\\\/image\\\/\",\"url\":\"https:\\\/\\\/mghouses.es\\\/wp-content\\\/uploads\\\/2025\\\/05\\\/cropped-A_logo_for_22MGHOUSES22_is_displayed_in_solid_black_.png\",\"contentUrl\":\"https:\\\/\\\/mghouses.es\\\/wp-content\\\/uploads\\\/2025\\\/05\\\/cropped-A_logo_for_22MGHOUSES22_is_displayed_in_solid_black_.png\",\"width\":512,\"height\":512,\"caption\":\"MG Houses\"},\"image\":{\"@id\":\"https:\\\/\\\/mghouses.es\\\/#\\\/schema\\\/logo\\\/image\\\/\"},\"sameAs\":[\"https:\\\/\\\/www.instagram.com\\\/mghouses.es\\\/\"]}]}<\/script>\n<!-- \/ Yoast SEO plugin. -->","yoast_head_json":{"title":"Construction \u2013 MG Houses","robots":{"index":"index","follow":"follow","max-snippet":"max-snippet:-1","max-image-preview":"max-image-preview:large","max-video-preview":"max-video-preview:-1"},"canonical":"https:\/\/mghouses.es\/en\/construccion\/","og_locale":"en_GB","og_type":"article","og_title":"Construcci\u00f3n - MG Houses","og_description":"Ofrecemos servicios de construcci\u00f3n de viviendas con un enfoque en alta calidad, eficacia y un firme compromiso con nuestros clientes. Entendemos que construir un hogar es una de las decisiones m\u00e1s importantes en la vida de las personas, y estamos aqu\u00ed para hacer de ese proceso una experiencia positiva y satisfactoria. Nuestros servicios Construcci\u00f3n 01 [&hellip;]","og_url":"https:\/\/mghouses.es\/en\/construccion\/","og_site_name":"MG Houses","article_modified_time":"2026-02-18T19:15:10+00:00","twitter_card":"summary_large_image","twitter_misc":{"Estimated reading time":"1 minute"},"schema":{"@context":"https:\/\/schema.org","@graph":[{"@type":"WebPage","@id":"https:\/\/mghouses.es\/construccion\/","url":"https:\/\/mghouses.es\/construccion\/","name":"Construction \u2013 MG Houses","isPartOf":{"@id":"https:\/\/mghouses.es\/#website"},"datePublished":"2024-05-17T12:00:16+00:00","dateModified":"2026-02-18T19:15:10+00:00","breadcrumb":{"@id":"https:\/\/mghouses.es\/construccion\/#breadcrumb"},"inLanguage":"en-GB","potentialAction":[{"@type":"ReadAction","target":["https:\/\/mghouses.es\/construccion\/"]}]},{"@type":"BreadcrumbList","@id":"https:\/\/mghouses.es\/construccion\/#breadcrumb","itemListElement":[{"@type":"ListItem","position":1,"name":"Portada","item":"https:\/\/mghouses.es\/"},{"@type":"ListItem","position":2,"name":"Construcci\u00f3n"}]},{"@type":"WebSite","@id":"https:\/\/mghouses.es\/#website","url":"https:\/\/mghouses.es\/","name":"MG Houses","description":"Viviendas con prop\u00f3sito, dise\u00f1adas para ti","publisher":{"@id":"https:\/\/mghouses.es\/#organization"},"potentialAction":[{"@type":"SearchAction","target":{"@type":"EntryPoint","urlTemplate":"https:\/\/mghouses.es\/?s={search_term_string}"},"query-input":{"@type":"PropertyValueSpecification","valueRequired":true,"valueName":"search_term_string"}}],"inLanguage":"en-GB"},{"@type":"Organization","@id":"https:\/\/mghouses.es\/#organization","name":"MG Houses","url":"https:\/\/mghouses.es\/","logo":{"@type":"ImageObject","inLanguage":"en-GB","@id":"https:\/\/mghouses.es\/#\/schema\/logo\/image\/","url":"https:\/\/mghouses.es\/wp-content\/uploads\/2025\/05\/cropped-A_logo_for_22MGHOUSES22_is_displayed_in_solid_black_.png","contentUrl":"https:\/\/mghouses.es\/wp-content\/uploads\/2025\/05\/cropped-A_logo_for_22MGHOUSES22_is_displayed_in_solid_black_.png","width":512,"height":512,"caption":"MG Houses"},"image":{"@id":"https:\/\/mghouses.es\/#\/schema\/logo\/image\/"},"sameAs":["https:\/\/www.instagram.com\/mghouses.es\/"]}]}},"_links":{"self":[{"href":"https:\/\/mghouses.es\/en\/wp-json\/wp\/v2\/pages\/68","targetHints":{"allow":["GET"]}}],"collection":[{"href":"https:\/\/mghouses.es\/en\/wp-json\/wp\/v2\/pages"}],"about":[{"href":"https:\/\/mghouses.es\/en\/wp-json\/wp\/v2\/types\/page"}],"author":[{"embeddable":true,"href":"https:\/\/mghouses.es\/en\/wp-json\/wp\/v2\/users\/2"}],"replies":[{"embeddable":true,"href":"https:\/\/mghouses.es\/en\/wp-json\/wp\/v2\/comments?post=68"}],"version-history":[{"count":0,"href":"https:\/\/mghouses.es\/en\/wp-json\/wp\/v2\/pages\/68\/revisions"}],"wp:attachment":[{"href":"https:\/\/mghouses.es\/en\/wp-json\/wp\/v2\/media?parent=68"}],"curies":[{"name":"wp","href":"https:\/\/api.w.org\/{rel}","templated":true}]}}