{"id":391,"date":"2025-05-01T20:00:42","date_gmt":"2025-05-01T18:00:42","guid":{"rendered":"http:\/\/localhost:8000\/?page_id=391"},"modified":"2026-02-18T10:21:59","modified_gmt":"2026-02-18T09:21:59","slug":"aviso-legal","status":"publish","type":"page","link":"https:\/\/mghouses.es\/en\/aviso-legal\/","title":{"rendered":"Legal Notice"},"content":{"rendered":"<h4>Information in accordance with Article 10 of the LSSI<\/h4>\n<h3>The owner of this website is:<\/h3>\n<p>Identity: <strong>M &amp; G Innovacions SL<\/strong><br \/>\nNIF: <strong>B16498388<br \/>\n<\/strong>Address: <strong>Avinguda Platja d\u2019Aro, 264. 17248 S\u2019Agar\u00f3. Girona.<br \/>\n<\/strong>Phone: <strong>672 870 055<br \/>\n<\/strong>E-mail<strong>: <a href=\"mailto:innovacions@mghouses.es\">innovacions@mghouses.es<\/a><\/strong><\/p>\n<h3>Terms of use<\/h3>\n<p style=\"text-align: justify;\">The use of this website implies full acceptance of the terms and conditions of this legal notice. The possible conflicts related to this website will be governed exclusively by the law of the Spanish State. Every person using the website, regardless of the territorial jurisdiction from which their access occurs, accepts compliance with and respect for these clauses, expressly waiving any other jurisdiction that may correspond to them.<\/p>\n<h3>Intellectual and industrial property<\/h3>\n<p style=\"text-align: justify;\">The entire content of this website, be it texts, images, sounds, brands, logos or other elements, as well as substructure, design, color combinations or presentation of materials, are protected by industrial and intellectual property rights. that the user of this website must respect. Its transformation or alteration, public communication or any other form of exploitation by any procedure is not lawful without the express authorization of <strong>M &amp; G Innovacions SL<\/strong>.<\/p>\n<h3>Responsibility for content<\/h3>\n<p style=\"text-align: justify;\">Although <strong>M &amp; G Innovacions SL<\/strong> acts with the maximum possible diligence, it may be the case that some data or information is not completely updated at the time the user of the website consults it. For this reason, the information presented on this website has a guiding function and does not bind <strong>M &amp; G Innovacions SL<\/strong>.<\/p>\n<p style=\"text-align: justify;\"><strong>M &amp; G Innovacions SL<\/strong> will not be responsible for the information that can be obtained through links included on its website.<\/p>\n<p style=\"text-align: justify;\"><strong>M &amp; G Innovacions SL<\/strong> reserves the right to carry out, at any time and without prior notice, modifications or updates to the information and any of the elements that make up the design and configuration of the website.<\/p>\n<h3>Applicable law and jurisdiction<\/h3>\n<p style=\"text-align: justify;\">The use of this website implies full acceptance of the terms and conditions of this legal policy. Possible conflicts related to this website will be governed exclusively by Spanish legislation, with the Spanish Courts and Tribunals being competent to hear any questions that may arise about it. The user, by virtue of their acceptance, expressly waives any jurisdiction that, by application of the current Civil Procedure Law, may correspond to them.<\/p>","protected":false},"excerpt":{"rendered":"<p>Informaci\u00f3n de conformidad con el art\u00edculo 10 de la LSSI El titular de esta web es: Identidad: M &amp; G Innovacions SL NIF: B16498388 Direcci\u00f3n: Avinguda Platja d\u2019Aro, 264. 17248 S&#8217;Agar\u00f3. Girona. Tel\u00e9fono: 672 870 055 Correo electr\u00f3nico: innovacions@mghouses.es Condiciones de uso El uso de esta web implica la aceptaci\u00f3n plena de los t\u00e9rminos y [&hellip;]<\/p>\n","protected":false},"author":2,"featured_media":0,"parent":0,"menu_order":0,"comment_status":"closed","ping_status":"closed","template":"","meta":{"_acf_changed":false,"footnotes":""},"class_list":["post-391","page","type-page","status-publish","hentry"],"acf":[],"yoast_head":"<!-- This site is optimized with the Yoast SEO plugin v27.5 - https:\/\/yoast.com\/product\/yoast-seo-wordpress\/ -->\n<title>Aviso Legal - MG Houses<\/title>\n<meta name=\"robots\" content=\"index, follow, max-snippet:-1, max-image-preview:large, max-video-preview:-1\" \/>\n<link rel=\"canonical\" href=\"https:\/\/mghouses.es\/en\/aviso-legal\/\" \/>\n<meta property=\"og:locale\" content=\"en_GB\" \/>\n<meta property=\"og:type\" content=\"article\" \/>\n<meta property=\"og:title\" content=\"Aviso Legal - MG Houses\" \/>\n<meta property=\"og:description\" content=\"Informaci\u00f3n de conformidad con el art\u00edculo 10 de la LSSI El titular de esta web es: Identidad: M &amp; G Innovacions SL NIF: B16498388 Direcci\u00f3n: Avinguda Platja d\u2019Aro, 264. 17248 S&#8217;Agar\u00f3. Girona. Tel\u00e9fono: 672 870 055 Correo electr\u00f3nico: innovacions@mghouses.es Condiciones de uso El uso de esta web implica la aceptaci\u00f3n plena de los t\u00e9rminos y [&hellip;]\" \/>\n<meta property=\"og:url\" content=\"https:\/\/mghouses.es\/en\/aviso-legal\/\" \/>\n<meta property=\"og:site_name\" content=\"MG Houses\" \/>\n<meta property=\"article:modified_time\" content=\"2026-02-18T09:21:59+00:00\" \/>\n<meta name=\"twitter:card\" content=\"summary_large_image\" \/>\n<meta name=\"twitter:label1\" content=\"Estimated reading time\" \/>\n\t<meta name=\"twitter:data1\" content=\"2 minutes\" \/>\n<script type=\"application\/ld+json\" class=\"yoast-schema-graph\">{\"@context\":\"https:\\\/\\\/schema.org\",\"@graph\":[{\"@type\":\"WebPage\",\"@id\":\"https:\\\/\\\/mghouses.es\\\/aviso-legal\\\/\",\"url\":\"https:\\\/\\\/mghouses.es\\\/aviso-legal\\\/\",\"name\":\"Aviso Legal - MG Houses\",\"isPartOf\":{\"@id\":\"https:\\\/\\\/mghouses.es\\\/#website\"},\"datePublished\":\"2025-05-01T18:00:42+00:00\",\"dateModified\":\"2026-02-18T09:21:59+00:00\",\"breadcrumb\":{\"@id\":\"https:\\\/\\\/mghouses.es\\\/aviso-legal\\\/#breadcrumb\"},\"inLanguage\":\"en-GB\",\"potentialAction\":[{\"@type\":\"ReadAction\",\"target\":[\"https:\\\/\\\/mghouses.es\\\/aviso-legal\\\/\"]}]},{\"@type\":\"BreadcrumbList\",\"@id\":\"https:\\\/\\\/mghouses.es\\\/aviso-legal\\\/#breadcrumb\",\"itemListElement\":[{\"@type\":\"ListItem\",\"position\":1,\"name\":\"Portada\",\"item\":\"https:\\\/\\\/mghouses.es\\\/\"},{\"@type\":\"ListItem\",\"position\":2,\"name\":\"Aviso Legal\"}]},{\"@type\":\"WebSite\",\"@id\":\"https:\\\/\\\/mghouses.es\\\/#website\",\"url\":\"https:\\\/\\\/mghouses.es\\\/\",\"name\":\"MG Houses\",\"description\":\"Viviendas con prop\u00f3sito, dise\u00f1adas para ti\",\"publisher\":{\"@id\":\"https:\\\/\\\/mghouses.es\\\/#organization\"},\"potentialAction\":[{\"@type\":\"SearchAction\",\"target\":{\"@type\":\"EntryPoint\",\"urlTemplate\":\"https:\\\/\\\/mghouses.es\\\/?s={search_term_string}\"},\"query-input\":{\"@type\":\"PropertyValueSpecification\",\"valueRequired\":true,\"valueName\":\"search_term_string\"}}],\"inLanguage\":\"en-GB\"},{\"@type\":\"Organization\",\"@id\":\"https:\\\/\\\/mghouses.es\\\/#organization\",\"name\":\"MG Houses\",\"url\":\"https:\\\/\\\/mghouses.es\\\/\",\"logo\":{\"@type\":\"ImageObject\",\"inLanguage\":\"en-GB\",\"@id\":\"https:\\\/\\\/mghouses.es\\\/#\\\/schema\\\/logo\\\/image\\\/\",\"url\":\"https:\\\/\\\/mghouses.es\\\/wp-content\\\/uploads\\\/2025\\\/05\\\/cropped-A_logo_for_22MGHOUSES22_is_displayed_in_solid_black_.png\",\"contentUrl\":\"https:\\\/\\\/mghouses.es\\\/wp-content\\\/uploads\\\/2025\\\/05\\\/cropped-A_logo_for_22MGHOUSES22_is_displayed_in_solid_black_.png\",\"width\":512,\"height\":512,\"caption\":\"MG Houses\"},\"image\":{\"@id\":\"https:\\\/\\\/mghouses.es\\\/#\\\/schema\\\/logo\\\/image\\\/\"},\"sameAs\":[\"https:\\\/\\\/www.instagram.com\\\/mghouses.es\\\/\"]}]}<\/script>\n<!-- \/ Yoast SEO plugin. -->","yoast_head_json":{"title":"Legal Notice - MG Houses","robots":{"index":"index","follow":"follow","max-snippet":"max-snippet:-1","max-image-preview":"max-image-preview:large","max-video-preview":"max-video-preview:-1"},"canonical":"https:\/\/mghouses.es\/en\/aviso-legal\/","og_locale":"en_GB","og_type":"article","og_title":"Aviso Legal - MG Houses","og_description":"Informaci\u00f3n de conformidad con el art\u00edculo 10 de la LSSI El titular de esta web es: Identidad: M &amp; G Innovacions SL NIF: B16498388 Direcci\u00f3n: Avinguda Platja d\u2019Aro, 264. 17248 S&#8217;Agar\u00f3. Girona. Tel\u00e9fono: 672 870 055 Correo electr\u00f3nico: innovacions@mghouses.es Condiciones de uso El uso de esta web implica la aceptaci\u00f3n plena de los t\u00e9rminos y [&hellip;]","og_url":"https:\/\/mghouses.es\/en\/aviso-legal\/","og_site_name":"MG Houses","article_modified_time":"2026-02-18T09:21:59+00:00","twitter_card":"summary_large_image","twitter_misc":{"Estimated reading time":"2 minutes"},"schema":{"@context":"https:\/\/schema.org","@graph":[{"@type":"WebPage","@id":"https:\/\/mghouses.es\/aviso-legal\/","url":"https:\/\/mghouses.es\/aviso-legal\/","name":"Legal Notice - MG Houses","isPartOf":{"@id":"https:\/\/mghouses.es\/#website"},"datePublished":"2025-05-01T18:00:42+00:00","dateModified":"2026-02-18T09:21:59+00:00","breadcrumb":{"@id":"https:\/\/mghouses.es\/aviso-legal\/#breadcrumb"},"inLanguage":"en-GB","potentialAction":[{"@type":"ReadAction","target":["https:\/\/mghouses.es\/aviso-legal\/"]}]},{"@type":"BreadcrumbList","@id":"https:\/\/mghouses.es\/aviso-legal\/#breadcrumb","itemListElement":[{"@type":"ListItem","position":1,"name":"Portada","item":"https:\/\/mghouses.es\/"},{"@type":"ListItem","position":2,"name":"Aviso Legal"}]},{"@type":"WebSite","@id":"https:\/\/mghouses.es\/#website","url":"https:\/\/mghouses.es\/","name":"MG Houses","description":"Viviendas con prop\u00f3sito, dise\u00f1adas para ti","publisher":{"@id":"https:\/\/mghouses.es\/#organization"},"potentialAction":[{"@type":"SearchAction","target":{"@type":"EntryPoint","urlTemplate":"https:\/\/mghouses.es\/?s={search_term_string}"},"query-input":{"@type":"PropertyValueSpecification","valueRequired":true,"valueName":"search_term_string"}}],"inLanguage":"en-GB"},{"@type":"Organization","@id":"https:\/\/mghouses.es\/#organization","name":"MG Houses","url":"https:\/\/mghouses.es\/","logo":{"@type":"ImageObject","inLanguage":"en-GB","@id":"https:\/\/mghouses.es\/#\/schema\/logo\/image\/","url":"https:\/\/mghouses.es\/wp-content\/uploads\/2025\/05\/cropped-A_logo_for_22MGHOUSES22_is_displayed_in_solid_black_.png","contentUrl":"https:\/\/mghouses.es\/wp-content\/uploads\/2025\/05\/cropped-A_logo_for_22MGHOUSES22_is_displayed_in_solid_black_.png","width":512,"height":512,"caption":"MG Houses"},"image":{"@id":"https:\/\/mghouses.es\/#\/schema\/logo\/image\/"},"sameAs":["https:\/\/www.instagram.com\/mghouses.es\/"]}]}},"_links":{"self":[{"href":"https:\/\/mghouses.es\/en\/wp-json\/wp\/v2\/pages\/391","targetHints":{"allow":["GET"]}}],"collection":[{"href":"https:\/\/mghouses.es\/en\/wp-json\/wp\/v2\/pages"}],"about":[{"href":"https:\/\/mghouses.es\/en\/wp-json\/wp\/v2\/types\/page"}],"author":[{"embeddable":true,"href":"https:\/\/mghouses.es\/en\/wp-json\/wp\/v2\/users\/2"}],"replies":[{"embeddable":true,"href":"https:\/\/mghouses.es\/en\/wp-json\/wp\/v2\/comments?post=391"}],"version-history":[{"count":0,"href":"https:\/\/mghouses.es\/en\/wp-json\/wp\/v2\/pages\/391\/revisions"}],"wp:attachment":[{"href":"https:\/\/mghouses.es\/en\/wp-json\/wp\/v2\/media?parent=391"}],"curies":[{"name":"wp","href":"https:\/\/api.w.org\/{rel}","templated":true}]}}